{"id":7425,"date":"2026-01-19T15:12:15","date_gmt":"2026-01-19T21:12:15","guid":{"rendered":"https:\/\/quimbioteclaboratorios.com.mx\/?post_type=product&#038;p=7425"},"modified":"2026-01-19T15:14:33","modified_gmt":"2026-01-19T21:14:33","slug":"gel-para-manos-antibacterial","status":"publish","type":"product","link":"https:\/\/quimbioteclaboratorios.com.mx\/?product=gel-para-manos-antibacterial","title":{"rendered":"Gel para Manos Antibacterial"},"content":{"rendered":"<p style=\"font-size: 1.2em; line-height: normal; color: #323138;\">Dise\u00f1ado para eliminar hasta el 99% de virus y bacterias, ayuda a mantener las manos limpias y protegidas en cualquier momento del d\u00eda. Su f\u00f3rmula en gel es de r\u00e1pida absorci\u00f3n, no deja sensaci\u00f3n pegajosa y contribuye a hidratar la piel, evitando la resequedad por uso frecuente, viene un una presentaci\u00f3n de 1000 ml.<\/p>\n<p>&nbsp;<\/p>\n<ul style=\"list-style-type: square; list-style-position: outside;\">\n<li style=\"list-style-type: none;\">\n<ul style=\"list-style-type: square; list-style-position: outside;\">\n<li style=\"list-style-type: none;\"><a style=\"font-size: 1.2em;\" href=\"https:\/\/www.liverpool.com.mx\/tienda?s=mactxil\">\u00a1Comprar ahora en nuestra tienda en l\u00ednea!<img decoding=\"async\" class=\"alignnone size-full wp-image-28 lazyload\" data-src=\"https:\/\/quimbioteclaboratorios.com.mx\/wp-content\/uploads\/2023\/12\/liverpool-logo-24h.png\" alt=\"\" width=\"120\" height=\"24\" src=\"data:image\/svg+xml;base64,PHN2ZyB3aWR0aD0iMSIgaGVpZ2h0PSIxIiB4bWxucz0iaHR0cDovL3d3dy53My5vcmcvMjAwMC9zdmciPjwvc3ZnPg==\" style=\"--smush-placeholder-width: 120px; --smush-placeholder-aspect-ratio: 120\/24;\" \/><\/a>\n<div style=\"color: #0000ff; font-size: 1.1em; padding-bottom: 20px;\"><i class=\"fas fa-shipping-fast \" ><\/i>\u00a0 El precio del env\u00edo depende de la tienda que ofrece el producto<\/div>\n<hr style=\"border-top: 2px solid #C5CF00;\" \/>\n<\/li>\n<\/ul>\n<\/li>\n<\/ul>\n","protected":false},"excerpt":{"rendered":"<p style=\"font-size: 1.41575em; line-height: normal; color: #323138;\"><strong>Presentaci\u00f3n: 1000 ml<\/strong><\/p>\n<p style=\"font-size: 1.2em; line-height: normal; color: #323138;\">Nico Mata Virus y Bacterias<\/p>\n<p><a style=\"font-size: 1.2em;\" href=\"https:\/\/www.liverpool.com.mx\/tienda?s=mactxil\">\u00a1Comprar ahora en nuestra tienda en l\u00ednea!<img decoding=\"async\" class=\"alignnone size-full wp-image-28 lazyload\" data-src=\"https:\/\/quimbioteclaboratorios.com.mx\/wp-content\/uploads\/2023\/12\/liverpool-logo-24h.png\" alt=\"\" width=\"120\" height=\"24\" src=\"data:image\/svg+xml;base64,PHN2ZyB3aWR0aD0iMSIgaGVpZ2h0PSIxIiB4bWxucz0iaHR0cDovL3d3dy53My5vcmcvMjAwMC9zdmciPjwvc3ZnPg==\" style=\"--smush-placeholder-width: 120px; --smush-placeholder-aspect-ratio: 120\/24;\" \/><\/a><\/p>\n<div style=\"color: #0000ff; font-size: 1.1em; padding-bottom: 20px;\">[icon name=\"shipping-fast\" style=\"solid\" class=\"\" unprefixed_class=\"\"]\u00a0 El precio del env\u00edo depende de la tienda que ofrece el producto<\/div>\n<p style=\"color: #32a893; font-size: 1.2em;\">En caso de no encontrar nuestro producto en los Puntos de Venta, ponemos a tu disposici\u00f3n el siguiente canal de comunicaci\u00f3n:<\/p>\n<p><a title=\"Comun\u00edcate con Quimbiotec Laboratorios\" href=\"https:\/\/m.me\/100088131717302\" target=\"_blank\" rel=\"noopener\"><img decoding=\"async\" data-src=\"https:\/\/quimbioteclaboratorios.com.mx\/wp-content\/uploads\/2024\/01\/logotipo-messenger-64.png\" alt=\"Comun\u00edcate con Quimbiotec Laboratorios\" width=\"52\" height=\"52\" src=\"data:image\/svg+xml;base64,PHN2ZyB3aWR0aD0iMSIgaGVpZ2h0PSIxIiB4bWxucz0iaHR0cDovL3d3dy53My5vcmcvMjAwMC9zdmciPjwvc3ZnPg==\" class=\"lazyload\" style=\"--smush-placeholder-width: 52px; --smush-placeholder-aspect-ratio: 52\/52;\" \/><\/a><\/p>\n","protected":false},"featured_media":7132,"comment_status":"open","ping_status":"closed","template":"","meta":[],"product_brand":[34],"product_cat":[21],"product_tag":[],"class_list":{"0":"post-7425","1":"product","2":"type-product","3":"status-publish","4":"has-post-thumbnail","6":"product_brand-mactzil","7":"product_cat-nico-desinfectante-superficies-y-objetos","9":"first","10":"instock","11":"shipping-taxable","12":"purchasable","13":"product-type-simple"},"_links":{"self":[{"href":"https:\/\/quimbioteclaboratorios.com.mx\/index.php?rest_route=\/wp\/v2\/product\/7425","targetHints":{"allow":["GET"]}}],"collection":[{"href":"https:\/\/quimbioteclaboratorios.com.mx\/index.php?rest_route=\/wp\/v2\/product"}],"about":[{"href":"https:\/\/quimbioteclaboratorios.com.mx\/index.php?rest_route=\/wp\/v2\/types\/product"}],"replies":[{"embeddable":true,"href":"https:\/\/quimbioteclaboratorios.com.mx\/index.php?rest_route=%2Fwp%2Fv2%2Fcomments&post=7425"}],"wp:featuredmedia":[{"embeddable":true,"href":"https:\/\/quimbioteclaboratorios.com.mx\/index.php?rest_route=\/wp\/v2\/media\/7132"}],"wp:attachment":[{"href":"https:\/\/quimbioteclaboratorios.com.mx\/index.php?rest_route=%2Fwp%2Fv2%2Fmedia&parent=7425"}],"wp:term":[{"taxonomy":"product_brand","embeddable":true,"href":"https:\/\/quimbioteclaboratorios.com.mx\/index.php?rest_route=%2Fwp%2Fv2%2Fproduct_brand&post=7425"},{"taxonomy":"product_cat","embeddable":true,"href":"https:\/\/quimbioteclaboratorios.com.mx\/index.php?rest_route=%2Fwp%2Fv2%2Fproduct_cat&post=7425"},{"taxonomy":"product_tag","embeddable":true,"href":"https:\/\/quimbioteclaboratorios.com.mx\/index.php?rest_route=%2Fwp%2Fv2%2Fproduct_tag&post=7425"}],"curies":[{"name":"wp","href":"https:\/\/api.w.org\/{rel}","templated":true}]}}