{"id":7394,"date":"2026-01-19T13:20:35","date_gmt":"2026-01-19T19:20:35","guid":{"rendered":"https:\/\/quimbioteclaboratorios.com.mx\/?post_type=product&#038;p=7394"},"modified":"2026-01-22T09:18:39","modified_gmt":"2026-01-22T15:18:39","slug":"vitaminas-y-acido-hialuronico-copia","status":"publish","type":"product","link":"https:\/\/quimbioteclaboratorios.com.mx\/?product=vitaminas-y-acido-hialuronico-copia","title":{"rendered":"Exfoliante de Arcilla Verde y Blanca Az\u00facar y Aceite de Oliva"},"content":{"rendered":"<p style=\"font-size: 1.2em; line-height: normal; color: #323138;\"><strong>Los exfoliantes<\/strong> sirven para retirar c\u00e9lulas muertas, limpiar la superficie de la piel y ayudar a mejorar su textura y apariencia, dejando la piel m\u00e1s suave, uniforme y preparada para absorber mejor otros productos, viene un una presentaci\u00f3n de 250 gr.<\/p>\n<p style=\"font-size: 1.2em; line-height: normal; color: #323138;\"><strong>Beneficios:<\/strong><\/p>\n<ul style=\"list-style-type: square; list-style-position: outside;\">\n<li style=\"list-style-type: none;\">\n<ul style=\"list-style-type: square; list-style-position: outside;\">\n<li style=\"list-style-type: none;\">\n<ul style=\"list-style-type: square; list-style-position: outside;\">\n<li style=\"font-size: 1.2em; line-height: normal; color: #323138;\"><strong>La arcilla verde<\/strong> ayuda a absorber impurezas y exceso de grasa, dejando sensaci\u00f3n de piel limpia y fresca.<\/li>\n<li style=\"font-size: 1.2em; line-height: normal; color: #323138;\"><strong>La arcilla blanca<\/strong> ayuda a limpiar y suavizar la piel, ideal para pieles sensibles.<\/li>\n<li style=\"font-size: 1.2em; line-height: normal; color: #323138;\"><strong>El aceite de oliva<\/strong> aporta nutrici\u00f3n e hidrataci\u00f3n, ayudando a mantener la piel flexible despu\u00e9s de la exfoliaci\u00f3n.<\/li>\n<li style=\"font-size: 1.2em; line-height: normal; color: #323138;\"><strong>El az\u00facar<\/strong> act\u00faa como exfoliante natural, ayudando a retirar c\u00e9lulas muertas de forma mec\u00e1nica.<\/li>\n<\/ul>\n<p>&nbsp;<\/li>\n<li style=\"list-style-type: none;\"><a style=\"font-size: 1.2em;\" href=\"https:\/\/www.liverpool.com.mx\/tienda?s=mactxil\">\u00a1Comprar ahora en nuestra tienda en l\u00ednea!<img decoding=\"async\" class=\"alignnone size-full wp-image-28 lazyload\" data-src=\"https:\/\/quimbioteclaboratorios.com.mx\/wp-content\/uploads\/2023\/12\/liverpool-logo-24h.png\" alt=\"\" width=\"120\" height=\"24\" src=\"data:image\/svg+xml;base64,PHN2ZyB3aWR0aD0iMSIgaGVpZ2h0PSIxIiB4bWxucz0iaHR0cDovL3d3dy53My5vcmcvMjAwMC9zdmciPjwvc3ZnPg==\" style=\"--smush-placeholder-width: 120px; --smush-placeholder-aspect-ratio: 120\/24;\" \/><\/a>\n<div style=\"color: #0000ff; font-size: 1.1em; padding-bottom: 20px;\"><i class=\"fas fa-shipping-fast \" ><\/i>\u00a0 El precio del env\u00edo depende de la tienda que ofrece el producto<\/div>\n<hr style=\"border-top: 2px solid #C5CF00;\" \/>\n<\/li>\n<\/ul>\n<\/li>\n<\/ul>\n","protected":false},"excerpt":{"rendered":"<p style=\"font-size: 1.41575em; line-height: normal; color: #323138;\"><strong>Presentaci\u00f3n: 250 gr<\/strong><\/p>\n<p style=\"font-size: 1.2em; line-height: normal; color: #323138;\">Exfoliante Corporal<\/p>\n<p><a style=\"font-size: 1.2em;\" href=\"https:\/\/www.liverpool.com.mx\/tienda?s=mactxil\">\u00a1Comprar ahora en nuestra tienda en l\u00ednea!<img decoding=\"async\" class=\"alignnone size-full wp-image-28 lazyload\" data-src=\"https:\/\/quimbioteclaboratorios.com.mx\/wp-content\/uploads\/2023\/12\/liverpool-logo-24h.png\" alt=\"\" width=\"120\" height=\"24\" src=\"data:image\/svg+xml;base64,PHN2ZyB3aWR0aD0iMSIgaGVpZ2h0PSIxIiB4bWxucz0iaHR0cDovL3d3dy53My5vcmcvMjAwMC9zdmciPjwvc3ZnPg==\" style=\"--smush-placeholder-width: 120px; --smush-placeholder-aspect-ratio: 120\/24;\" \/><\/a><\/p>\n<div style=\"color: #0000ff; font-size: 1.1em; padding-bottom: 20px;\">[icon name=\"shipping-fast\" style=\"solid\" class=\"\" unprefixed_class=\"\"]\u00a0 El precio del env\u00edo depende de la tienda que ofrece el producto<\/div>\n<p style=\"color: #32a893; font-size: 1.2em;\">En caso de no encontrar nuestro producto en los Puntos de Venta, ponemos a tu disposici\u00f3n el siguiente canal de comunicaci\u00f3n:<\/p>\n<p><a title=\"Comun\u00edcate con Quimbiotec Laboratorios\" href=\"https:\/\/m.me\/100088131717302\" target=\"_blank\" rel=\"noopener\"><img decoding=\"async\" data-src=\"https:\/\/quimbioteclaboratorios.com.mx\/wp-content\/uploads\/2024\/01\/logotipo-messenger-64.png\" alt=\"Comun\u00edcate con Quimbiotec Laboratorios\" width=\"52\" height=\"52\" src=\"data:image\/svg+xml;base64,PHN2ZyB3aWR0aD0iMSIgaGVpZ2h0PSIxIiB4bWxucz0iaHR0cDovL3d3dy53My5vcmcvMjAwMC9zdmciPjwvc3ZnPg==\" class=\"lazyload\" style=\"--smush-placeholder-width: 52px; --smush-placeholder-aspect-ratio: 52\/52;\" \/><\/a><\/p>\n","protected":false},"featured_media":7181,"comment_status":"open","ping_status":"closed","template":"","meta":[],"product_brand":[34],"product_cat":[18],"product_tag":[],"class_list":{"0":"post-7394","1":"product","2":"type-product","3":"status-publish","4":"has-post-thumbnail","6":"product_brand-mactzil","7":"product_cat-productos-para-spa","9":"first","10":"instock","11":"shipping-taxable","12":"purchasable","13":"product-type-simple"},"_links":{"self":[{"href":"https:\/\/quimbioteclaboratorios.com.mx\/index.php?rest_route=\/wp\/v2\/product\/7394","targetHints":{"allow":["GET"]}}],"collection":[{"href":"https:\/\/quimbioteclaboratorios.com.mx\/index.php?rest_route=\/wp\/v2\/product"}],"about":[{"href":"https:\/\/quimbioteclaboratorios.com.mx\/index.php?rest_route=\/wp\/v2\/types\/product"}],"replies":[{"embeddable":true,"href":"https:\/\/quimbioteclaboratorios.com.mx\/index.php?rest_route=%2Fwp%2Fv2%2Fcomments&post=7394"}],"wp:featuredmedia":[{"embeddable":true,"href":"https:\/\/quimbioteclaboratorios.com.mx\/index.php?rest_route=\/wp\/v2\/media\/7181"}],"wp:attachment":[{"href":"https:\/\/quimbioteclaboratorios.com.mx\/index.php?rest_route=%2Fwp%2Fv2%2Fmedia&parent=7394"}],"wp:term":[{"taxonomy":"product_brand","embeddable":true,"href":"https:\/\/quimbioteclaboratorios.com.mx\/index.php?rest_route=%2Fwp%2Fv2%2Fproduct_brand&post=7394"},{"taxonomy":"product_cat","embeddable":true,"href":"https:\/\/quimbioteclaboratorios.com.mx\/index.php?rest_route=%2Fwp%2Fv2%2Fproduct_cat&post=7394"},{"taxonomy":"product_tag","embeddable":true,"href":"https:\/\/quimbioteclaboratorios.com.mx\/index.php?rest_route=%2Fwp%2Fv2%2Fproduct_tag&post=7394"}],"curies":[{"name":"wp","href":"https:\/\/api.w.org\/{rel}","templated":true}]}}