{"id":621,"date":"2023-12-22T10:55:56","date_gmt":"2023-12-22T16:55:56","guid":{"rendered":"https:\/\/quimbioteclaboratorios.com.mx\/?page_id=621"},"modified":"2026-01-20T10:37:39","modified_gmt":"2026-01-20T16:37:39","slug":"aviso-de-privacidad","status":"publish","type":"page","link":"https:\/\/quimbioteclaboratorios.com.mx\/?page_id=621","title":{"rendered":"Aviso de Privacidad"},"content":{"rendered":"\t\t<div data-elementor-type=\"wp-page\" data-elementor-id=\"621\" class=\"elementor elementor-621\" data-elementor-post-type=\"page\">\n\t\t\t\t\t\t<section class=\"elementor-section elementor-top-section elementor-element elementor-element-8bb396a elementor-section-full_width elementor-section-content-top elementor-section-stretched elementor-section-height-default elementor-section-height-default elementor-invisible\" data-id=\"8bb396a\" data-element_type=\"section\" data-settings=\"{&quot;stretch_section&quot;:&quot;section-stretched&quot;,&quot;background_background&quot;:&quot;gradient&quot;,&quot;animation&quot;:&quot;bounceInUp&quot;}\">\n\t\t\t\t\t\t<div class=\"elementor-container elementor-column-gap-no\">\n\t\t\t\t\t<div class=\"elementor-column elementor-col-33 elementor-top-column elementor-element elementor-element-48d728b\" data-id=\"48d728b\" data-element_type=\"column\" data-settings=\"{&quot;background_background&quot;:&quot;classic&quot;}\">\n\t\t\t<div class=\"elementor-widget-wrap\">\n\t\t\t\t\t\t\t<\/div>\n\t\t<\/div>\n\t\t\t\t<div class=\"elementor-column elementor-col-33 elementor-top-column elementor-element elementor-element-e421281\" data-id=\"e421281\" data-element_type=\"column\">\n\t\t\t<div class=\"elementor-widget-wrap elementor-element-populated\">\n\t\t\t\t\t\t<div class=\"elementor-element elementor-element-0ba0602 elementor-widget elementor-widget-text-editor\" data-id=\"0ba0602\" data-element_type=\"widget\" data-widget_type=\"text-editor.default\">\n\t\t\t\t\t\t\t\t\t<p>Aviso de Privacidad Integral<\/p>\t\t\t\t\t\t\t\t<\/div>\n\t\t\t\t<div class=\"elementor-element elementor-element-c3baca5 elementor-widget-divider--view-line elementor-widget elementor-widget-divider\" data-id=\"c3baca5\" data-element_type=\"widget\" data-widget_type=\"divider.default\">\n\t\t\t\t\t\t\t<div class=\"elementor-divider\">\n\t\t\t<span class=\"elementor-divider-separator\">\n\t\t\t\t\t\t<\/span>\n\t\t<\/div>\n\t\t\t\t\t\t<\/div>\n\t\t\t\t<div class=\"elementor-element elementor-element-2876d1c elementor-widget elementor-widget-text-editor\" data-id=\"2876d1c\" data-element_type=\"widget\" data-widget_type=\"text-editor.default\">\n\t\t\t\t\t\t\t\t\t<p><span style=\"color: #7a7a7a;\">Quimbiotec Laboratorios<\/span> con domicilio en Avenida Insurgentes Norte #850, Vallejo Poniente, Gustavo a Madero, CP 07790, Ciudad de M\u00e9xico, CDMX y portal de internet <span style=\"color: #c5cf00;\">https:\/\/quimbioteclaboratorios.com.mx<\/span>, es el responsable del uso y protecci\u00f3n de sus datos personales, y al respecto le informamos lo siguiente:<\/p>\t\t\t\t\t\t\t\t<\/div>\n\t\t\t\t<div class=\"elementor-element elementor-element-4fc4c34 elementor-widget elementor-widget-text-editor\" data-id=\"4fc4c34\" data-element_type=\"widget\" data-widget_type=\"text-editor.default\">\n\t\t\t\t\t\t\t\t\t\u00bfPara qu\u00e9 fines utilizaremos sus datos personales?\t\t\t\t\t\t\t\t<\/div>\n\t\t\t\t<div class=\"elementor-element elementor-element-e8cedb1 elementor-widget elementor-widget-text-editor\" data-id=\"e8cedb1\" data-element_type=\"widget\" data-widget_type=\"text-editor.default\">\n\t\t\t\t\t\t\t\t\t<p>Los datos personales que recabamos de usted, los utilizaremos para las siguientes finalidades que son necesarias para el servicio que solicita:<\/p>\t\t\t\t\t\t\t\t<\/div>\n\t\t\t\t<div class=\"elementor-element elementor-element-6de5bd9 elementor-widget elementor-widget-text-editor\" data-id=\"6de5bd9\" data-element_type=\"widget\" data-widget_type=\"text-editor.default\">\n\t\t\t\t\t\t\t\t\t<ul><li>Respuesta a mensajes del formulario de contacto,<\/li><li>Prestaci\u00f3n de cualquier servicio solicitado,<\/li><li>Procesar sus cambios o cancelaciones que procedan,<\/li><li>Enviar cotizaciones, promociones y ofertas de nuestros productos,<\/li><li>Elaborar estad\u00edsticas y,<\/li><li>Registros para consulta interna.\u00a0<\/li><li>Datos de identificaci\u00f3n y contacto,<\/li><li>Preferencias de compra.<\/li><\/ul>\t\t\t\t\t\t\t\t<\/div>\n\t\t\t\t<div class=\"elementor-element elementor-element-e84d5b1 elementor-widget elementor-widget-text-editor\" data-id=\"e84d5b1\" data-element_type=\"widget\" data-widget_type=\"text-editor.default\">\n\t\t\t\t\t\t\t\t\t<p>\u00bfC\u00f3mo puede acceder, rectificar o cancelar sus datos personales, u oponerse a su uso o ejercer la revocaci\u00f3n de consentimiento?<\/p>\t\t\t\t\t\t\t\t<\/div>\n\t\t\t\t<div class=\"elementor-element elementor-element-5db0309 elementor-widget elementor-widget-text-editor\" data-id=\"5db0309\" data-element_type=\"widget\" data-widget_type=\"text-editor.default\">\n\t\t\t\t\t\t\t\t\t<p>Usted tiene derecho a conocer qu\u00e9 datos personales tenemos de usted, para qu\u00e9 los utilizamos y las condiciones del uso que les damos (Acceso). Asimismo, es su derecho solicitar la correcci\u00f3n de su informaci\u00f3n personal en caso de que est\u00e9 desactualizada, sea inexacta o incompleta (Rectificaci\u00f3n); que la eliminemos de nuestros registros o bases de datos cuando considere que la misma no est\u00e1 siendo utilizada adecuadamente (Cancelaci\u00f3n); as\u00ed como oponerse al uso de sus datos personales para fines espec\u00edficos (Oposici\u00f3n). Estos derechos se conocen como derechos ARCO.<\/p><p>Para el ejercicio de cualquiera de los derechos ARCO, debe enviar una petici\u00f3n v\u00eda correo electr\u00f3nico a <span style=\"color: #c5cf00;\">contacto@quimbioteclaboratorios.com.mx<\/span> y deber\u00e1 contener:<\/p>\t\t\t\t\t\t\t\t<\/div>\n\t\t\t\t<div class=\"elementor-element elementor-element-061b596 elementor-widget elementor-widget-text-editor\" data-id=\"061b596\" data-element_type=\"widget\" data-widget_type=\"text-editor.default\">\n\t\t\t\t\t\t\t\t\t<ul><li>Nombre completo del titular,<\/li><li>Domicilio,<\/li><li>Tel\u00e9fono,<\/li><li>Correo electr\u00f3nico usado en este sitio web,<\/li><li>Copia de una identificaci\u00f3n oficial adjunta,<\/li><li>Asunto \u201cDerechos ARCO\u201d<\/li><\/ul>\t\t\t\t\t\t\t\t<\/div>\n\t\t\t\t<div class=\"elementor-element elementor-element-81031db elementor-widget elementor-widget-text-editor\" data-id=\"81031db\" data-element_type=\"widget\" data-widget_type=\"text-editor.default\">\n\t\t\t\t\t\t\t\t\t<p>Descripci\u00f3n el objeto del escrito, los cuales pueden ser de manera enunciativa m\u00e1s no limitativa los siguientes: Revocaci\u00f3n del consentimiento para tratar sus datos personales; y\/o Notificaci\u00f3n del uso indebido del tratamiento de sus datos personales; y\/o Ejercitar sus Derechos ARCO, con una descripci\u00f3n clara y precisa de los datos a Acceder, Rectificar, Cancelar o bien, Oponerse. En caso de Rectificaci\u00f3n de datos personales, deber\u00e1 indicar la modificaci\u00f3n exacta y anexar la documentaci\u00f3n soporte; es importante en caso de revocaci\u00f3n del consentimiento, que tenga en cuenta que no en todos los casos podremos atender su solicitud o concluir el uso de forma inmediata, ya que es posible que por alguna obligaci\u00f3n legal requiramos seguir tratando sus datos personales. Asimismo, usted deber\u00e1 considerar que para ciertos fines, la revocaci\u00f3n de su consentimiento implicar\u00e1 que no le podamos seguir prestando el servicio que nos solicit\u00f3, o la conclusi\u00f3n de su relaci\u00f3n con nosotros.<\/p>\t\t\t\t\t\t\t\t<\/div>\n\t\t\t\t<div class=\"elementor-element elementor-element-f7c54ae elementor-widget elementor-widget-text-editor\" data-id=\"f7c54ae\" data-element_type=\"widget\" data-widget_type=\"text-editor.default\">\n\t\t\t\t\t\t\t\t\t<p>\u00bfEn cu\u00e1ntos d\u00edas le daremos respuesta a su solicitud?<\/p>\t\t\t\t\t\t\t\t<\/div>\n\t\t\t\t<div class=\"elementor-element elementor-element-9efed3d elementor-widget elementor-widget-text-editor\" data-id=\"9efed3d\" data-element_type=\"widget\" data-widget_type=\"text-editor.default\">\n\t\t\t\t\t\t\t\t\t<p>8 d\u00edas<\/p>\t\t\t\t\t\t\t\t<\/div>\n\t\t\t\t<div class=\"elementor-element elementor-element-c723a75 elementor-widget elementor-widget-text-editor\" data-id=\"c723a75\" data-element_type=\"widget\" data-widget_type=\"text-editor.default\">\n\t\t\t\t\t\t\t\t\t<p>\u00bfPor qu\u00e9 medio le comunicaremos la respuesta a su solicitud?<\/p>\t\t\t\t\t\t\t\t<\/div>\n\t\t\t\t<div class=\"elementor-element elementor-element-e7de8d7 elementor-widget elementor-widget-text-editor\" data-id=\"e7de8d7\" data-element_type=\"widget\" data-widget_type=\"text-editor.default\">\n\t\t\t\t\t\t\t\t\t<p>Al mismo correo electr\u00f3nico de donde se env\u00edo la petici\u00f3n.<\/p>\t\t\t\t\t\t\t\t<\/div>\n\t\t\t\t<div class=\"elementor-element elementor-element-d36e6de elementor-widget elementor-widget-text-editor\" data-id=\"d36e6de\" data-element_type=\"widget\" data-widget_type=\"text-editor.default\">\n\t\t\t\t\t\t\t\t\t<p>El uso de tecnolog\u00edas de rastreo en nuestro portal de internet<\/p>\t\t\t\t\t\t\t\t<\/div>\n\t\t\t\t<div class=\"elementor-element elementor-element-3651080 elementor-widget elementor-widget-text-editor\" data-id=\"3651080\" data-element_type=\"widget\" data-widget_type=\"text-editor.default\">\n\t\t\t\t\t\t\t\t\t<p>Le informamos que en nuestra p\u00e1gina de internet utilizamos cookies, web beacons u otras tecnolog\u00edas, a trav\u00e9s de las cuales es posible monitorear su comportamiento como usuario de internet, as\u00ed como brindarle un mejor servicio y experiencia al navegar en nuestra p\u00e1gina. Los datos personales que obtenemos de estas tecnolog\u00edas de rastreo son los siguientes:<\/p>\t\t\t\t\t\t\t\t<\/div>\n\t\t\t\t<div class=\"elementor-element elementor-element-7b578f3 elementor-widget elementor-widget-text-editor\" data-id=\"7b578f3\" data-element_type=\"widget\" data-widget_type=\"text-editor.default\">\n\t\t\t\t\t\t\t\t\t<ul><li>Fecha y hora del inicio y final de una sesi\u00f3n de un usuario,<\/li><li>P\u00e1ginas web visitadas por un usuario,<\/li><li>B\u00fasquedas de producto realizadas por un usuario.<\/li><\/ul>\t\t\t\t\t\t\t\t<\/div>\n\t\t\t\t<div class=\"elementor-element elementor-element-a14b13d elementor-widget elementor-widget-text-editor\" data-id=\"a14b13d\" data-element_type=\"widget\" data-widget_type=\"text-editor.default\">\n\t\t\t\t\t\t\t\t\t<p>Estas cookies, web beacons y otras tecnolog\u00edas pueden ser deshabilitadas. Para conocer c\u00f3mo hacerlo, consulte el men\u00fa de ayuda de su navegador. Tenga en cuenta que, en caso de desactivar las cookies, es posible que no pueda acceder a ciertas funciones personalizadas en nuestros sitio web.<\/p>\t\t\t\t\t\t\t\t<\/div>\n\t\t\t\t<div class=\"elementor-element elementor-element-52b8c91 elementor-widget elementor-widget-text-editor\" data-id=\"52b8c91\" data-element_type=\"widget\" data-widget_type=\"text-editor.default\">\n\t\t\t\t\t\t\t\t\t<p>\u00bfC\u00f3mo puede conocer los cambios en este aviso de privacidad?<\/p>\t\t\t\t\t\t\t\t<\/div>\n\t\t\t\t<div class=\"elementor-element elementor-element-32b5b98 elementor-widget elementor-widget-text-editor\" data-id=\"32b5b98\" data-element_type=\"widget\" data-widget_type=\"text-editor.default\">\n\t\t\t\t\t\t\t\t\t<p>El presente aviso de privacidad puede sufrir modificaciones, cambios o actualizaciones derivadas de nuevos requerimientos legales; de nuestras propias necesidades por los productos o servicios que ofrecemos; de nuestras pr\u00e1cticas de privacidad; de cambios en nuestro modelo de negocio, o por otras causas. Nos comprometemos a mantener actualizado este aviso de privacidad sobre los cambios que pueda sufrir y siempre podr\u00e1 consultar las actualizaciones que existan en el sitio web <span style=\"color: #c5cf00;\">https:\/\/quimbioteclaboratorios.com.mx<\/span>.<\/p>\t\t\t\t\t\t\t\t<\/div>\n\t\t\t\t<div class=\"elementor-element elementor-element-b769b3a elementor-widget elementor-widget-text-editor\" data-id=\"b769b3a\" data-element_type=\"widget\" data-widget_type=\"text-editor.default\">\n\t\t\t\t\t\t\t\t\t<p>\u00daltima actualizaci\u00f3n de este aviso de privacidad: 14\/01\/2026<\/p>\t\t\t\t\t\t\t\t<\/div>\n\t\t\t\t<div class=\"elementor-element elementor-element-6ba515a elementor-widget elementor-widget-image\" data-id=\"6ba515a\" data-element_type=\"widget\" data-widget_type=\"image.default\">\n\t\t\t\t\t\t\t\t\t\t\t\t\t\t\t<img decoding=\"async\" data-src=\"https:\/\/quimbioteclaboratorios.com.mx\/wp-content\/uploads\/elementor\/thumbs\/Logotipo-Quimbiotec-1024h-rhsqwk3svep58qqxxtozc0abivvdx0cwcit4t7i99c.png\" title=\"Logotipo-Quimbiotec-1024h\" alt=\"Logotipo-Quimbiotec-1024h\" src=\"data:image\/svg+xml;base64,PHN2ZyB3aWR0aD0iMSIgaGVpZ2h0PSIxIiB4bWxucz0iaHR0cDovL3d3dy53My5vcmcvMjAwMC9zdmciPjwvc3ZnPg==\" class=\"lazyload\" style=\"--smush-placeholder-width: 280px; --smush-placeholder-aspect-ratio: 280\/112;\" \/>\t\t\t\t\t\t\t\t\t\t\t\t\t\t\t<\/div>\n\t\t\t\t\t<\/div>\n\t\t<\/div>\n\t\t\t\t<div class=\"elementor-column elementor-col-33 elementor-top-column elementor-element elementor-element-bc703df\" data-id=\"bc703df\" data-element_type=\"column\">\n\t\t\t<div class=\"elementor-widget-wrap\">\n\t\t\t\t\t\t\t<\/div>\n\t\t<\/div>\n\t\t\t\t\t<\/div>\n\t\t<\/section>\n\t\t\t\t<\/div>\n\t\t","protected":false},"excerpt":{"rendered":"<p>Aviso de Privacidad Integral Quimbiotec Laboratorios con domicilio en Avenida Insurgentes Norte #850, Vallejo Poniente, Gustavo a Madero, CP 07790, Ciudad de M\u00e9xico, CDMX y portal de internet https:\/\/quimbioteclaboratorios.com.mx, es el responsable del uso y protecci\u00f3n de sus datos personales, y al respecto le informamos lo siguiente: \u00bfPara qu\u00e9 fines utilizaremos sus datos personales? Los [&hellip;]<\/p>\n","protected":false},"author":1,"featured_media":0,"parent":0,"menu_order":0,"comment_status":"closed","ping_status":"closed","template":"","meta":{"footnotes":""},"class_list":["post-621","page","type-page","status-publish","hentry"],"_links":{"self":[{"href":"https:\/\/quimbioteclaboratorios.com.mx\/index.php?rest_route=\/wp\/v2\/pages\/621","targetHints":{"allow":["GET"]}}],"collection":[{"href":"https:\/\/quimbioteclaboratorios.com.mx\/index.php?rest_route=\/wp\/v2\/pages"}],"about":[{"href":"https:\/\/quimbioteclaboratorios.com.mx\/index.php?rest_route=\/wp\/v2\/types\/page"}],"author":[{"embeddable":true,"href":"https:\/\/quimbioteclaboratorios.com.mx\/index.php?rest_route=\/wp\/v2\/users\/1"}],"replies":[{"embeddable":true,"href":"https:\/\/quimbioteclaboratorios.com.mx\/index.php?rest_route=%2Fwp%2Fv2%2Fcomments&post=621"}],"version-history":[{"count":0,"href":"https:\/\/quimbioteclaboratorios.com.mx\/index.php?rest_route=\/wp\/v2\/pages\/621\/revisions"}],"wp:attachment":[{"href":"https:\/\/quimbioteclaboratorios.com.mx\/index.php?rest_route=%2Fwp%2Fv2%2Fmedia&parent=621"}],"curies":[{"name":"wp","href":"https:\/\/api.w.org\/{rel}","templated":true}]}}